{"id":1305,"date":"2022-01-31T13:20:13","date_gmt":"2022-01-31T13:20:13","guid":{"rendered":"https:\/\/tac-consulting.com\/de\/?page_id=1305"},"modified":"2026-02-03T17:35:04","modified_gmt":"2026-02-03T17:35:04","slug":"schiesstraining-dguv-23","status":"publish","type":"page","link":"https:\/\/tac-consulting.com\/de\/schiesstraining-dguv-23\/","title":{"rendered":"Schie\u00dftraining gem\u00e4\u00df DGUV 23"},"content":{"rendered":"<p>[et_pb_section fb_built=&#8220;1&#8243; disabled_on=&#8220;on|on|off&#8220; admin_label=&#8220;Hero&#8220; _builder_version=&#8220;4.16&#8243; use_background_color_gradient=&#8220;on&#8220; background_color_gradient_stops=&#8220;rgba(0,0,0,0.5) 0%|rgba(0,0,0,0) 100%&#8220; background_color_gradient_overlays_image=&#8220;on&#8220; background_color_gradient_start=&#8220;rgba(0,0,0,0.5)&#8220; background_color_gradient_end=&#8220;rgba(0,0,0,0)&#8220; background_image=&#8220;https:\/\/tac-consulting.com\/de\/wp-content\/uploads\/2022\/02\/d-guv-scaled.jpg&#8220; width=&#8220;100%&#8220; min_height=&#8220;412px&#8220; custom_margin=&#8220;||1px|||&#8220; custom_padding=&#8220;36px||34px||false|false&#8220; bottom_divider_style=&#8220;slant&#8220; bottom_divider_color=&#8220;#ffffff&#8220; bottom_divider_flip=&#8220;horizontal&#8220; animation_style=&#8220;slide&#8220; animation_direction=&#8220;top&#8220; animation_duration=&#8220;0ms&#8220; animation_intensity_slide=&#8220;5%&#8220; animation_starting_opacity=&#8220;51%&#8220; locked=&#8220;off&#8220; global_colors_info=&#8220;{}&#8220;][\/et_pb_section][et_pb_section fb_built=&#8220;1&#8243; inner_shadow=&#8220;on&#8220; prev_background_color=&#8220;#ffffff&#8220; disabled_on=&#8220;on|on|off&#8220; admin_label=&#8220;Section&#8220; _builder_version=&#8220;4.16&#8243; _module_preset=&#8220;default&#8220; background_color=&#8220;#FFFFFF&#8220; custom_padding=&#8220;|0px|0px||false|false&#8220; top_divider_style=&#8220;slant&#8220; locked=&#8220;off&#8220; global_colors_info=&#8220;{}&#8220;][et_pb_row column_structure=&#8220;3_4,1_4&#8243; _builder_version=&#8220;4.16&#8243; _module_preset=&#8220;default&#8220; global_colors_info=&#8220;{}&#8220;][et_pb_column type=&#8220;3_4&#8243; _builder_version=&#8220;4.16&#8243; _module_preset=&#8220;default&#8220; global_colors_info=&#8220;{}&#8220;][et_pb_text module_class=&#8220;hyperlink-color&#8220; _builder_version=&#8220;4.27.4&#8243; _module_preset=&#8220;default&#8220; min_height=&#8220;179.4px&#8220; custom_margin=&#8220;-5px||19px|||&#8220; custom_padding=&#8220;12px||12px||true|&#8220; global_colors_info=&#8220;{}&#8220;]<\/p>\n<p><span style=\"font-size: small;\">TRAINING<\/span><br \/><span style=\"font-size: large;\"><strong>SCHIESSTRAINING F\u00dcR WACH- UND SICHERHEITSPERSONAL<\/strong><\/span><br \/>\u21d2 gem\u00e4\u00df \u00a718 DGUV Vorschrift 23<\/p>\n<p>__________________________________________________________<strong><\/strong><\/p>\n<p>Gem\u00e4\u00df \u00a718 DGUV Vorschrift 23 m\u00fcssen Tr\u00e4ger von Schusswaffen regelm\u00e4\u00dfig an Schie\u00df\u00fcbungen teilnehmen, um ihre Schie\u00dffertigkeiten nachweisen. Dar\u00fcber hinaus m\u00fcssen Berufswaffentr\u00e4ger j\u00e4hrlich den Sachkundestand (theoretische sowie schie\u00dftechnische Kenntnisse und Fertigkeiten) nachweisen, um weiterhin als sachkundig zu gelten.<\/p>\n<p>Bei fehlendem Nachweis ist die weitere Ausstattung von Sicherheitsmitarbeitern mit Schusswaffen im privaten Sicherheitsbereich bzw. die Dienstaus\u00fcbung mit Schusswaffen gef\u00e4hrdet.<\/p>\n<p>F\u00fcr kleinere und mittlere Unternehmen ist die Planung und Durchf\u00fchrung mit eigenen Mitarbeitern oft mit sehr viel Zeit- und Kostenaufwand verbunden.<\/p>\n<p>Aus diesem Grund bieten wir Ihnen eine qualitativ hochwertige L\u00f6sung in Form unseres Schie\u00dftrainings an.<\/p>\n<table border=\"1\" style=\"width: 100%; border-collapse: collapse; border-style: none;\">\n<tbody>\n<tr>\n<td style=\"width: 100%; border-style: dotted; border-color: black; background-color: #f9f9f9;\"><strong>Auszug vom \u00a7 18 DGUV Vorschrift 23 Ausr\u00fcstung mit Schusswaffen:<\/strong><br \/>\u201eDer Unternehmer hat sicherzustellen, dass Versicherte, die Tr\u00e4ger von Schusswaffen nach Absatz 1 sind, <strong>regelm\u00e4\u00dfig an Schie\u00df\u00fcbungen<\/strong> teilnehmen und ihre <strong>Schie\u00dffertigkeit<\/strong> sowie <strong>Sachkunde<\/strong> nach dem Waffenrecht ihm oder einem Sachkundigen nachweisen.\u201c<\/td>\n<\/tr>\n<\/tbody>\n<\/table>\n<p>Als ausreichend ausgebildet und sachkundig gilt, wer die erforderlichen F\u00e4higkeiten und Kenntnisse \u00fcber den Umgang mit Schusswaffen und Munition, die Reichweite und Wirkungsweise der Geschosse, die waffenrechtlichen Vorschriften sowie insbesondere die Bestimmungen \u00fcber Notwehr und Notstand nachgewiesen hat.<\/p>\n<p>Eine <strong>regelm\u00e4\u00dfige Teilnahme an den Schie\u00df\u00fcbungen<\/strong> ist dann gegeben, wenn die Teilnahme an den \u00dcbungen in der Regel mindestens <strong>viermal j\u00e4hrlich<\/strong> erfolgt und hierbei grunds\u00e4tzlich ein Zeitabstand von <strong>drei Monaten<\/strong> eingehalten wird.<\/p>\n<p>Ein <strong>ausreichender Sachkundestand<\/strong> ist anzunehmen, wenn der entsprechende Nachweis <strong>einmal j\u00e4hrlich<\/strong> erbracht wird.<\/p>\n<p>Sachgerecht durchgef\u00fchrte Schie\u00df\u00fcbungen bedingen, dass sie mit den dienstlich zugewiesenen Schusswaffen und Munitionsarten durchgef\u00fchrt werden, die auch beim dienstlichen Einsatz Verwendung finden.<\/p>\n<p><strong>F\u00fcr Unternehmen<\/strong><br \/>F\u00fcr Institutionen, Sicherheitsfirmen und Unternehmen k\u00f6nnen wir individuelle Angebote erstellen.<\/p>\n<p><a href=\"https:\/\/tac-consulting.com\/de\/kontakt\/?swcfpc=1\"><span style=\"text-decoration: underline;\">Bitte nehmen Sie Kontakt mit uns auf<\/span><\/a>, um Ihnen ein entsprechendes Angebot zukommen zu lassen.<\/p>\n<p><strong>Download<\/strong><br \/>Hier k\u00f6nnen Sie sich die <a href=\"https:\/\/tac-consulting.com\/L-DGUV-23.pdf\" target=\"_blank\" rel=\"noopener\"><span style=\"text-decoration: underline;\">Lehrgangsbeschreibung herunterladen<\/span><\/a> und ausdrucken.<\/p>\n<p>[\/et_pb_text][et_pb_text module_class=&#8220;hyperlink-color&#8220; _builder_version=&#8220;4.16&#8243; _module_preset=&#8220;default&#8220; locked=&#8220;off&#8220; global_colors_info=&#8220;{}&#8220;]<\/p>\n<table border=\"1\" style=\"border-collapse: collapse; width: 100%;\">\n<tbody>\n<tr>\n<td style=\"width: 100%; background-color: #f9f9f9; border-color: #a5a5a5; border-style: solid; text-align: right;\"><span style=\"font-size: small;\">Zur\u00fcck <a href=\"https:\/\/tac-consulting.com\/de\/sicherheitswirtschaft\/\"><span style=\"text-decoration: underline;\">zu den Lehrgangsangeboten<\/span><\/a><\/span><\/td>\n<\/tr>\n<\/tbody>\n<\/table>\n<p>[\/et_pb_text][\/et_pb_column][et_pb_column type=&#8220;1_4&#8243; _builder_version=&#8220;4.16&#8243; _module_preset=&#8220;default&#8220; global_colors_info=&#8220;{}&#8220;][et_pb_accordion disabled_on=&#8220;on|on|off&#8220; module_class=&#8220;hyperlink-color&#8220; _builder_version=&#8220;4.16&#8243; _module_preset=&#8220;default&#8220; body_line_height=&#8220;1.4em&#8220; locked=&#8220;off&#8220; global_colors_info=&#8220;{}&#8220;][et_pb_accordion_item title=&#8220;Tactical Consulting International GmbH&#8220; open=&#8220;on&#8220; content_tablet=&#8220;<\/p>\n<p><strong>Tactical Consulting International GmbH<\/strong><\/p>\n<p>Graf-Adolf-Stra\u00dfe 18<br \/>40212 D\u00fcsseldorf<\/p>\n<p>Telefon: 0211 \/ 99 546 200<br \/>Telefax: 0211 \/ 99 546 201<\/p>\n<p>E-Mail: info@tac-consulting.com<\/p>\n<p>\u00d6ffnungszeiten: 8:00 &#8211; 17:00 Uhr<\/p>\n<p>Nutzen Sie unser<strong> Kontaktformular<\/strong><\/p>\n<p>Wir beraten Sie gerne.<\/p>\n<p>_____________________________________________<\/p>\n<p><img src=%22https:\/\/tac-consulting.com\/german\/wp-content\/uploads\/2022\/01\/Untitled-2.png%22 width=%22240%22 height=%22403%22 alt=%22%22 class=%22wp-image-546 aligncenter size-full%22 \/><br \/><a href=%22http:\/\/www.tac-consulting.com\/AZAV_DE.pdf%22><\/a><a href=%22http:\/\/www.tac-consulting.com\/ISO_29990_DE.pdf%22><\/a><\/p>\n<p>&#8220; content_phone=&#8220;<\/p>\n<p><strong>Tactical Consulting International GmbH<\/strong><\/p>\n<p>Graf-Adolf-Stra\u00dfe 18<br \/>40212 D\u00fcsseldorf<\/p>\n<p>Telefon: 0211 \/ 99 546 200<br \/>Telefax: 0211 \/ 99 546 201<\/p>\n<p>E-Mail: info@tac-consulting.com<\/p>\n<p>\u00d6ffnungszeiten: 8:00 &#8211; 17:00 Uhr<\/p>\n<p>Nutzen Sie unser<strong> Kontaktformular<\/strong><\/p>\n<p>Wir beraten Sie gerne.<\/p>\n<p>_____________________________________________<\/p>\n<p><img src=%22https:\/\/tac-consulting.com\/german\/wp-content\/uploads\/2022\/01\/Untitled-2.png%22 width=%22240%22 height=%22403%22 alt=%22%22 class=%22wp-image-546 aligncenter size-full%22 \/><br \/><a href=%22http:\/\/www.tac-consulting.com\/AZAV_DE.pdf%22><\/a><a href=%22http:\/\/www.tac-consulting.com\/ISO_29990_DE.pdf%22><\/a><\/p>\n<p>&#8220; content_last_edited=&#8220;on|phone&#8220; _builder_version=&#8220;4.16&#8243; _module_preset=&#8220;default&#8220; body_font_size=&#8220;13px&#8220; body_line_height=&#8220;0em&#8220; background_color=&#8220;#F9F9F9&#8243; background_enable_color=&#8220;on&#8220; width=&#8220;100%&#8220; max_width=&#8220;100%&#8220; link_option_url_new_window=&#8220;on&#8220; border_color_all=&#8220;#adadad&#8220; box_shadow_style=&#8220;preset1&#8243; box_shadow_vertical=&#8220;0px&#8220; box_shadow_blur=&#8220;0px&#8220; box_shadow_color=&#8220;#a5a5a5&#8243; inline_fonts=&#8220;Varela&#8220; global_colors_info=&#8220;{}&#8220; toggle_level=&#8220;h6&#8243; toggle_font=&#8220;Varela|700|||||||&#8220; toggle_text_align=&#8220;left&#8220; toggle_font_size=&#8220;13px&#8220; toggle_line_height=&#8220;1.3em&#8220;]<\/p>\n<h4><span style=\"font-family: Varela; font-weight: normal; font-size: small;\">Graf-Adolf-Stra\u00dfe 18<\/span><br \/><span style=\"font-family: Varela; font-weight: normal; font-size: small;\">40212 D\u00fcsseldorf<\/span><\/h4>\n<h4><span style=\"font-family: Varela; font-weight: normal; font-size: small;\"><strong>\u260f\u00a0 <\/strong>(0211) 99 546 200<\/span><br \/><span style=\"font-family: Varela; font-weight: normal; font-size: small;\"><strong>\u2709 \u00a0<\/strong><span style=\"text-decoration: underline;\"><a href=\"mailto:info@tac-consulting.com\">info@tac-consulting.com<\/a><\/span><\/span><\/h4>\n<h4><span style=\"font-family: Varela; font-weight: normal; font-size: small;\">B\u00fcrozeiten: 8:00 &#8211; 16:30 Uhr<\/span><span style=\"font-family: Varela; font-weight: normal; font-size: small;\"><\/span><span style=\"font-family: Varela; font-weight: normal; font-size: small;\"><\/span><\/h4>\n<p><span style=\"font-family: Varela; font-weight: normal; font-size: small;\"><\/span><\/p>\n<h4 style=\"text-align: left;\"><span style=\"font-family: Varela; font-size: small;\">Nutzen Sie unser:<\/span><br \/><span style=\"text-decoration: underline;\"><a href=\"https:\/\/tac-consulting.com\/de\/kontakt\/\"><span style=\"font-family: Varela; font-weight: normal; font-size: small;\">Kontaktformular<\/span><\/a><\/span><\/h4>\n<h4 style=\"text-align: left;\"><span style=\"font-family: Varela; font-weight: normal; font-size: small;\">Wir beraten Sie gerne.<\/span><\/h4>\n<p>[\/et_pb_accordion_item][\/et_pb_accordion][et_pb_accordion disabled_on=&#8220;on|on|off&#8220; _builder_version=&#8220;4.27.4&#8243; _module_preset=&#8220;default&#8220; toggle_text_align=&#8220;justify&#8220; body_text_align=&#8220;center&#8220; body_line_height=&#8220;1.4em&#8220; max_height=&#8220;1000px&#8220; locked=&#8220;off&#8220; global_colors_info=&#8220;{}&#8220;][et_pb_accordion_item title=&#8220;Wir sind zertifiziert&#8220; open=&#8220;on&#8220; title_last_edited=&#8220;off|desktop&#8220; content_tablet=&#8220;<\/p>\n<p><strong>Tactical Consulting International GmbH<\/strong><\/p>\n<p>Graf-Adolf-Stra\u00dfe 18<br \/>40212 D\u00fcsseldorf<\/p>\n<p>Telefon: 0211 \/ 99 546 200<br \/>Telefax: 0211 \/ 99 546 201<\/p>\n<p>E-Mail: info@tac-consulting.com<\/p>\n<p>\u00d6ffnungszeiten: 8:00 &#8211; 17:00 Uhr<\/p>\n<p>Nutzen Sie unser<strong> Kontaktformular<\/strong><\/p>\n<p>Wir beraten Sie gerne.<\/p>\n<p>_____________________________________________<\/p>\n<p><img src=%22https:\/\/tac-consulting.com\/german\/wp-content\/uploads\/2022\/01\/Untitled-2.png%22 width=%22240%22 height=%22403%22 alt=%22%22 class=%22wp-image-546 aligncenter size-full%22 \/><br \/><a href=%22http:\/\/www.tac-consulting.com\/AZAV_DE.pdf%22><\/a><a href=%22http:\/\/www.tac-consulting.com\/ISO_29990_DE.pdf%22><\/a><\/p>\n<p>&#8220; content_phone=&#8220;<\/p>\n<p><strong>Tactical Consulting International GmbH<\/strong><\/p>\n<p>Graf-Adolf-Stra\u00dfe 18<br \/>40212 D\u00fcsseldorf<\/p>\n<p>Telefon: 0211 \/ 99 546 200<br \/>Telefax: 0211 \/ 99 546 201<\/p>\n<p>E-Mail: info@tac-consulting.com<\/p>\n<p>\u00d6ffnungszeiten: 8:00 &#8211; 17:00 Uhr<\/p>\n<p>Nutzen Sie unser<strong> Kontaktformular<\/strong><\/p>\n<p>Wir beraten Sie gerne.<\/p>\n<p>_____________________________________________<\/p>\n<p><img src=%22https:\/\/tac-consulting.com\/german\/wp-content\/uploads\/2022\/01\/Untitled-2.png%22 width=%22240%22 height=%22403%22 alt=%22%22 class=%22wp-image-546 aligncenter size-full%22 \/><br \/><a href=%22http:\/\/www.tac-consulting.com\/AZAV_DE.pdf%22><\/a><a href=%22http:\/\/www.tac-consulting.com\/ISO_29990_DE.pdf%22><\/a><\/p>\n<p>&#8220; content_last_edited=&#8220;on|phone&#8220; _builder_version=&#8220;4.27.4&#8243; _module_preset=&#8220;default&#8220; background_color=&#8220;#F9F9F9&#8243; background_enable_color=&#8220;on&#8220; width=&#8220;100%&#8220; max_width=&#8220;100%&#8220; link_option_url_new_window=&#8220;on&#8220; border_color_all=&#8220;#adadad&#8220; inline_fonts=&#8220;Varela&#8220; global_colors_info=&#8220;{}&#8220; toggle_level=&#8220;h6&#8243; toggle_font=&#8220;Varela|700|||||||&#8220; toggle_text_align=&#8220;left&#8220; toggle_font_size=&#8220;13px&#8220; closed_toggle_font_size=&#8220;16px&#8220;]<\/p>\n<p><img loading=\"lazy\" decoding=\"async\" src=\"https:\/\/tac-consulting.com\/de\/wp-content\/uploads\/2025\/08\/CEA-Logos.png\" width=\"1142\" height=\"1591\" alt=\"\" class=\"wp-image-4342 alignleft size-full\" srcset=\"https:\/\/tac-consulting.com\/de\/wp-content\/uploads\/2025\/08\/CEA-Logos.png 1142w, https:\/\/tac-consulting.com\/de\/wp-content\/uploads\/2025\/08\/CEA-Logos-980x1365.png 980w, https:\/\/tac-consulting.com\/de\/wp-content\/uploads\/2025\/08\/CEA-Logos-480x669.png 480w\" sizes=\"(min-width: 0px) and (max-width: 480px) 480px, (min-width: 481px) and (max-width: 980px) 980px, (min-width: 981px) 1142px, 100vw\" \/><\/p>\n<p>[\/et_pb_accordion_item][\/et_pb_accordion][\/et_pb_column][\/et_pb_row][\/et_pb_section][et_pb_section fb_built=&#8220;1&#8243; disabled_on=&#8220;off|off|on&#8220; admin_label=&#8220;Hero Section&#8220; _builder_version=&#8220;4.16&#8243; background_color=&#8220;#fcfcfc&#8220; background_color_gradient_start=&#8220;#494949&#8243; background_color_gradient_end=&#8220;rgba(224,224,224,0.15)&#8220; background_image=&#8220;https:\/\/tac-consulting.com\/de\/wp-content\/uploads\/2022\/03\/AdobeStock_274937269-scaled.jpeg&#8220; min_height=&#8220;267px&#8220; height=&#8220;516px&#8220; max_height=&#8220;0px&#8220; custom_margin=&#8220;||51px|||&#8220; custom_padding=&#8220;2.1%||1.3%|||&#8220; locked=&#8220;off&#8220; global_colors_info=&#8220;{}&#8220;][\/et_pb_section][et_pb_section fb_built=&#8220;1&#8243; disabled_on=&#8220;off|off|on&#8220; _builder_version=&#8220;4.16&#8243; _module_preset=&#8220;default&#8220; background_color=&#8220;#fcfcfc&#8220; custom_margin=&#8220;-53px|||||&#8220; custom_padding=&#8220;|12px||||&#8220; locked=&#8220;off&#8220; global_colors_info=&#8220;{}&#8220;][et_pb_row _builder_version=&#8220;4.16&#8243; _module_preset=&#8220;default&#8220; custom_margin=&#8220;|auto|-66px|auto||&#8220; global_colors_info=&#8220;{}&#8220;][et_pb_column type=&#8220;4_4&#8243; _builder_version=&#8220;4.16&#8243; _module_preset=&#8220;default&#8220; global_colors_info=&#8220;{}&#8220;][et_pb_text module_class=&#8220;hyperlink-color&#8220; _builder_version=&#8220;4.16&#8243; _module_preset=&#8220;default&#8220; background_color=&#8220;#fcfcfc&#8220; width=&#8220;100%&#8220; custom_margin=&#8220;||22px|||&#8220; custom_padding=&#8220;|0px||0px||&#8220; global_colors_info=&#8220;{}&#8220;]<\/p>\n<p><span style=\"font-size: x-large; color: #808080;\">Schiesstraining f\u00fcr Wach- und Sicherheitspersonal<\/span><\/p>\n<p><span style=\"color: #808080; font-size: small;\">\u21d2 gem\u00e4\u00df \u00a718 DGUV Vorschrift 23<\/span><\/p>\n<p>________________<span style=\"color: #808080; font-size: small;\"><\/span><span style=\"color: #808080; font-size: small;\"><\/span><\/p>\n<p><span style=\"color: #808080; font-size: small;\">Gem\u00e4\u00df \u00a718 DGUV Vorschrift 23 m\u00fcssen Tr\u00e4ger von Schusswaffen regelm\u00e4\u00dfig an Schie\u00df\u00fcbungen teilnehmen, um ihre Schie\u00dffertigkeiten nachweisen. Dar\u00fcber hinaus m\u00fcssen Berufswaffentr\u00e4ger j\u00e4hrlich den Sachkundestand (theoretische sowie schie\u00dftechnische Kenntnisse und Fertigkeiten) nachweisen, um weiterhin als sachkundig zu gelten.<\/span><\/p>\n<p><span style=\"color: #808080; font-size: small;\">Bei fehlendem Nachweis ist die weitere Ausstattung von Sicherheitsmitarbeitern mit Schusswaffen im privaten Sicherheitsbereich bzw. die Dienstaus\u00fcbung mit Schusswaffen gef\u00e4hrdet.<\/span><\/p>\n<p><span style=\"color: #808080; font-size: small;\">F\u00fcr kleinere und mittlere Unternehmen ist die Planung und Durchf\u00fchrung mit eigenen Mitarbeitern oft mit sehr viel Zeit- und Kostenaufwand verbunden.<\/span><\/p>\n<p><span style=\"color: #808080; font-size: small;\">Aus diesem Grund bieten wir Ihnen eine qualitativ hochwertige L\u00f6sung in Form unseres Schie\u00dftrainings an.<\/span><\/p>\n<table border=\"1\" style=\"width: 100%; border-collapse: collapse; border-style: none;\">\n<tbody>\n<tr>\n<td style=\"width: 100%; background-color: #f9f9f9; border-color: black; border-style: dotted;\"><span style=\"color: #808080; font-size: small;\"><strong>Auszug vom \u00a7 18 DGUV Vorschrift 23 Ausr\u00fcstung mit Schusswaffen:<\/strong><br \/>\u201eDer Unternehmer hat sicherzustellen, dass Versicherte, die Tr\u00e4ger von Schusswaffen nach Absatz 1 sind, <strong>regelm\u00e4\u00dfig an Schie\u00df\u00fcbungen<\/strong> teilnehmen und ihre <strong>Schie\u00dffertigkeit<\/strong> sowie <strong>Sachkunde<\/strong> nach dem Waffenrecht ihm oder einem Sachkundigen nachweisen.\u201c<br \/><\/span><\/td>\n<\/tr>\n<\/tbody>\n<\/table>\n<p><span style=\"color: #808080; font-size: small;\">Als ausreichend ausgebildet und sachkundig gilt, wer die erforderlichen F\u00e4higkeiten und Kenntnisse \u00fcber den Umgang mit Schusswaffen und Munition, die Reichweite und Wirkungsweise der Geschosse, die waffenrechtlichen Vorschriften sowie insbesondere die Bestimmungen \u00fcber Notwehr und Notstand nachgewiesen hat.<\/span><\/p>\n<p><span style=\"color: #808080; font-size: small;\">Eine <strong>regelm\u00e4\u00dfige Teilnahme an den Schie\u00df\u00fcbungen<\/strong> ist dann gegeben, wenn die Teilnahme an den \u00dcbungen in der Regel mindestens <strong>viermal j\u00e4hrlich<\/strong> erfolgt und hierbei grunds\u00e4tzlich ein Zeitabstand von <strong>drei Monaten<\/strong> eingehalten wird.<\/span><\/p>\n<p><span style=\"color: #808080; font-size: small;\">Ein <strong>ausreichender Sachkundestand<\/strong> ist anzunehmen, wenn der entsprechende Nachweis <strong>einmal j\u00e4hrlich<\/strong> erbracht wird.<\/span><\/p>\n<p><span style=\"color: #808080; font-size: small;\">Sachgerecht durchgef\u00fchrte Schie\u00df\u00fcbungen bedingen, dass sie mit den dienstlich zugewiesenen Schusswaffen und Munitionsarten durchgef\u00fchrt werden, die auch beim dienstlichen Einsatz Verwendung finden.<\/span><\/p>\n<p><span style=\"color: #808080; font-size: small;\"><strong>F\u00fcr Unternehmen<\/strong><br \/>F\u00fcr Institutionen, Sicherheitsfirmen und Unternehmen k\u00f6nnen wir individuelle Angebote erstellen.<br \/><a href=\"https:\/\/tac-consulting.com\/de\/kontakt\/?swcfpc=1\"><span style=\"text-decoration: underline;\">Bitte nehmen Sie Kontakt mit uns auf<\/span><\/a>, um Ihnen ein entsprechendes Angebot zukommen zu lassen.<\/span><span style=\"color: #808080; font-size: small;\"><\/span><\/p>\n<p>[\/et_pb_text][et_pb_text module_class=&#8220;hyperlink-color&#8220; _builder_version=&#8220;4.16&#8243; _module_preset=&#8220;default&#8220; background_color=&#8220;#fcfcfc&#8220; width=&#8220;100%&#8220; custom_margin=&#8220;||22px|||&#8220; custom_padding=&#8220;|0px||0px||&#8220; global_colors_info=&#8220;{}&#8220;]<\/p>\n<table border=\"1\" style=\"width: 100%; border-collapse: collapse;\">\n<tbody>\n<tr>\n<td style=\"width: 100%; background-color: #f9f9f9; border-color: #a5a5a5; border-style: solid; text-align: right;\"><span style=\"color: #808080; font-size: small;\">Zur\u00fcck <span style=\"text-decoration: underline;\"><a href=\"https:\/\/tac-consulting.com\/de\/sicherheitswirtschaft\/\">zu den Lehrgangsangeboten<\/a><\/span><\/span><\/td>\n<\/tr>\n<\/tbody>\n<\/table>\n<p>[\/et_pb_text][et_pb_divider color=&#8220;RGBA(255,255,255,0)&#8220; _builder_version=&#8220;4.16&#8243; _module_preset=&#8220;default&#8220; global_colors_info=&#8220;{}&#8220;][\/et_pb_divider][\/et_pb_column][\/et_pb_row][\/et_pb_section][et_pb_section fb_built=&#8220;1&#8243; disabled_on=&#8220;off|off|on&#8220; _builder_version=&#8220;4.16&#8243; _module_preset=&#8220;default&#8220; background_color=&#8220;#f2f2f2&#8243; custom_padding=&#8220;0px|16px||||&#8220; locked=&#8220;off&#8220; global_colors_info=&#8220;{}&#8220;][et_pb_row _builder_version=&#8220;4.16&#8243; _module_preset=&#8220;default&#8220; global_colors_info=&#8220;{}&#8220;][et_pb_column type=&#8220;4_4&#8243; _builder_version=&#8220;4.16&#8243; _module_preset=&#8220;default&#8220; global_colors_info=&#8220;{}&#8220;][et_pb_text module_class=&#8220;hyperlink-color&#8220; _builder_version=&#8220;4.16&#8243; _module_preset=&#8220;default&#8220; custom_margin=&#8220;|||-7px||&#8220; custom_padding=&#8220;|||10px||&#8220; global_colors_info=&#8220;{}&#8220;]<\/p>\n<p><span style=\"color: #808080;\"><\/span><\/p>\n<p><span style=\"color: #0a0a0a;\"><strong><span style=\"font-size: small;\"><\/span><\/strong><\/span><\/p>\n<p><span style=\"color: #0a0a0a;\"><strong><span style=\"font-size: small;\"><\/span><\/strong><\/span><\/p>\n<p><span style=\"color: #0a0a0a;\"><strong><span style=\"font-size: small;\">Tactical Consulting International GmbH<\/span><\/strong><\/span><\/p>\n<p><span style=\"color: #808080; font-size: small;\">Graf-Adolf-Stra\u00dfe 18<\/span><br \/><span style=\"color: #808080; font-size: small;\">40212 D\u00fcsseldorf<\/span><\/p>\n<p><span style=\"color: #808080; font-size: small;\">Tel:\u00a0 (0211) 99 546 200<\/span><br \/><span style=\"color: #808080; font-size: small;\">Fax: (0211) 99 546 201<\/span><\/p>\n<p><span style=\"color: #808080; font-size: small;\">E-Mail: <a href=\"mailto:info@tac-consulting.com\"><span style=\"text-decoration: underline;\">info@tac-consulting.com<\/span><\/a><\/span><\/p>\n<p><span style=\"color: #808080; font-size: small;\"><\/span><\/p>\n<p><span style=\"color: #808080;\"><\/span><\/p>\n<p>[\/et_pb_text][\/et_pb_column][\/et_pb_row][\/et_pb_section]<\/p>\n","protected":false},"excerpt":{"rendered":"<p>Schiesstraining DGUV23<\/p>\n","protected":false},"author":1,"featured_media":3241,"parent":0,"menu_order":0,"comment_status":"closed","ping_status":"closed","template":"","meta":{"_et_pb_use_builder":"on","_et_pb_old_content":"","_et_gb_content_width":"","footnotes":""},"class_list":["post-1305","page","type-page","status-publish","has-post-thumbnail","hentry"],"_links":{"self":[{"href":"https:\/\/tac-consulting.com\/de\/wp-json\/wp\/v2\/pages\/1305","targetHints":{"allow":["GET"]}}],"collection":[{"href":"https:\/\/tac-consulting.com\/de\/wp-json\/wp\/v2\/pages"}],"about":[{"href":"https:\/\/tac-consulting.com\/de\/wp-json\/wp\/v2\/types\/page"}],"author":[{"embeddable":true,"href":"https:\/\/tac-consulting.com\/de\/wp-json\/wp\/v2\/users\/1"}],"replies":[{"embeddable":true,"href":"https:\/\/tac-consulting.com\/de\/wp-json\/wp\/v2\/comments?post=1305"}],"version-history":[{"count":35,"href":"https:\/\/tac-consulting.com\/de\/wp-json\/wp\/v2\/pages\/1305\/revisions"}],"predecessor-version":[{"id":4609,"href":"https:\/\/tac-consulting.com\/de\/wp-json\/wp\/v2\/pages\/1305\/revisions\/4609"}],"wp:featuredmedia":[{"embeddable":true,"href":"https:\/\/tac-consulting.com\/de\/wp-json\/wp\/v2\/media\/3241"}],"wp:attachment":[{"href":"https:\/\/tac-consulting.com\/de\/wp-json\/wp\/v2\/media?parent=1305"}],"curies":[{"name":"wp","href":"https:\/\/api.w.org\/{rel}","templated":true}]}}