{"id":161,"date":"2021-05-09T18:58:17","date_gmt":"2021-05-09T18:58:17","guid":{"rendered":"https:\/\/tac-consulting.com\/german\/?page_id=161"},"modified":"2026-02-03T17:09:57","modified_gmt":"2026-02-03T17:09:57","slug":"home","status":"publish","type":"page","link":"https:\/\/tac-consulting.com\/de\/","title":{"rendered":"Home"},"content":{"rendered":"<p>[et_pb_section fb_built=&#8220;1&#8243; disabled_on=&#8220;on|on|off&#8220; admin_label=&#8220;Hero&#8220; _builder_version=&#8220;4.16&#8243; use_background_color_gradient=&#8220;on&#8220; background_color_gradient_stops=&#8220;rgba(0,0,0,0.5) 0%|rgba(0,0,0,0) 100%&#8220; background_color_gradient_overlays_image=&#8220;on&#8220; background_color_gradient_start=&#8220;rgba(0,0,0,0.5)&#8220; background_color_gradient_end=&#8220;rgba(0,0,0,0)&#8220; background_image=&#8220;https:\/\/tac-consulting.com\/de\/wp-content\/uploads\/2022\/01\/shutterstock_452671897-scaled.jpg&#8220; width=&#8220;100%&#8220; min_height=&#8220;425.4px&#8220; custom_margin=&#8220;||1px|||&#8220; custom_padding=&#8220;49px||14px|||&#8220; top_divider_color=&#8220;#000000&#8243; top_divider_height=&#8220;38px&#8220; bottom_divider_style=&#8220;slant&#8220; bottom_divider_color=&#8220;#ffffff&#8220; bottom_divider_flip=&#8220;horizontal&#8220; animation_style=&#8220;slide&#8220; animation_direction=&#8220;top&#8220; animation_duration=&#8220;0ms&#8220; animation_intensity_slide=&#8220;5%&#8220; animation_starting_opacity=&#8220;51%&#8220; locked=&#8220;off&#8220; global_colors_info=&#8220;{}&#8220;][et_pb_row column_structure=&#8220;3_4,1_4&#8243; _builder_version=&#8220;4.16&#8243; _module_preset=&#8220;default&#8220; locked=&#8220;off&#8220; global_colors_info=&#8220;{}&#8220;][et_pb_column type=&#8220;3_4&#8243; _builder_version=&#8220;4.16&#8243; _module_preset=&#8220;default&#8220; global_colors_info=&#8220;{}&#8220;][et_pb_text admin_label=&#8220;Title&#8220; _builder_version=&#8220;4.16&#8243; text_font=&#8220;||||||||&#8220; header_font=&#8220;Montserrat|600|||||||&#8220; header_font_size=&#8220;80px&#8220; header_line_height=&#8220;1.2em&#8220; background_layout=&#8220;dark&#8220; min_height=&#8220;92.6px&#8220; custom_padding=&#8220;|0px||0px||&#8220; animation_style=&#8220;zoom&#8220; animation_direction=&#8220;left&#8220; animation_intensity_zoom=&#8220;10%&#8220; header_font_size_tablet=&#8220;&#8220; header_font_size_phone=&#8220;72px&#8220; header_font_size_last_edited=&#8220;on|phone&#8220; locked=&#8220;off&#8220; inline_fonts=&#8220;Biryani&#8220; global_colors_info=&#8220;{}&#8220;]<\/p>\n<h1 style=\"text-align: left;\"><em><span style=\"font-family: Biryani; font-size: xx-large;\">Qualit\u00e4t durch Innovation.\u00a0<\/span><\/em><\/h1>\n<p>[\/et_pb_text][et_pb_text _builder_version=&#8220;4.16&#8243; text_font=&#8220;Montserrat|300|||||||&#8220; text_font_size=&#8220;20px&#8220; text_line_height=&#8220;1.8em&#8220; header_font_size=&#8220;38px&#8220; background_layout=&#8220;dark&#8220; width=&#8220;89%&#8220; animation_style=&#8220;zoom&#8220; animation_direction=&#8220;left&#8220; animation_delay=&#8220;100ms&#8220; animation_intensity_zoom=&#8220;10%&#8220; locked=&#8220;off&#8220; inline_fonts=&#8220;Abel,Titillium Web&#8220; global_colors_info=&#8220;{}&#8220;]<\/p>\n<blockquote>\n<p><em><span style=\"font-family: 'Titillium Web';\">F\u00fcr unsere Kunden bieten wir innovative Dienstleistungen mit h\u00f6chster Qualit\u00e4t und gr\u00f6\u00dftm\u00f6glichem Wert an. Die Einhaltung unserer Qualit\u00e4tsstandards und unsere fachm\u00e4nnische Beratung garantieren beste Ergebnisse. Dabei verfolgen wir unseren Grundsatz: \u201eQuality by Innovation\u201c .<\/span><\/em><\/p>\n<\/blockquote>\n<p>[\/et_pb_text][\/et_pb_column][et_pb_column type=&#8220;1_4&#8243; _builder_version=&#8220;4.16&#8243; _module_preset=&#8220;default&#8220; global_colors_info=&#8220;{}&#8220;][\/et_pb_column][\/et_pb_row][\/et_pb_section][et_pb_section fb_built=&#8220;1&#8243; inner_shadow=&#8220;on&#8220; prev_background_color=&#8220;#ffffff&#8220; disabled_on=&#8220;on|on|off&#8220; _builder_version=&#8220;4.16&#8243; _module_preset=&#8220;default&#8220; background_color=&#8220;#FFFFFF&#8220; background_enable_image=&#8220;off&#8220; background_position=&#8220;top_left&#8220; custom_padding=&#8220;|0px|0px||false|false&#8220; top_divider_style=&#8220;slant&#8220; locked=&#8220;off&#8220; global_colors_info=&#8220;{}&#8220;][et_pb_row column_structure=&#8220;3_4,1_4&#8243; _builder_version=&#8220;4.16&#8243; _module_preset=&#8220;default&#8220; global_colors_info=&#8220;{}&#8220;][et_pb_column type=&#8220;3_4&#8243; _builder_version=&#8220;4.16&#8243; _module_preset=&#8220;default&#8220; global_colors_info=&#8220;{}&#8220;][et_pb_text _builder_version=&#8220;4.16&#8243; _module_preset=&#8220;default&#8220; locked=&#8220;off&#8220; global_colors_info=&#8220;{}&#8220;]<\/p>\n<p><span style=\"font-size: small;\">CONSULTING, EDUCATION &amp; TRAINING<\/span><br \/><strong><span style=\"font-size: large;\">Individuelle Schulungs- und Beratungsdienstleistungen<\/span><\/strong><\/p>\n<p>___________________________________________________________<\/p>\n<p><span style=\"font-size: 14px;\">Als Beratungs-, Aus- und Weiterbildungsunternehmen mit Sitz im Central Business District der nordrhein-westf\u00e4lischen Landeshauptstadt D\u00fcsseldorf \u2013 nur wenige Meter von der K\u00f6nigsallee entfernt \u2013 bieten wir unsere Dienstleistungen bundesweit sowie im europ\u00e4ischen Ausland an.<\/span><span><\/span><\/p>\n<p><span>Wir sind ein <strong>zertifizierter Bildungstr\u00e4ger nach DIN ISO 21001<\/strong> (Lerndienstleistungen f\u00fcr die Aus- und Weiterbildung) sowie gem\u00e4\u00df <strong>AZAV<\/strong> (Akkreditierungs- und Zulassungsverordnung Arbeitsf\u00f6rderung) und verf\u00fcgen \u00fcber das <strong>CEA-Qualit\u00e4tssiegel<\/strong>, das unsere hohe Kundenzufriedenheit dokumentiert.<\/span><\/p>\n<p><span><\/span><\/p>\n<div>\n<p><span>Durch das Polizeipr\u00e4sidium D\u00fcsseldorf sind wir ein\u00a0<\/span><strong>staatlich anerkannter Ausbildungs- und Pr\u00fcfungstr\u00e4ger<\/strong><span><span> zur Durchf\u00fchrung von bundesweiten Lehrg\u00e4ngen zur Vermittlung und Pr\u00fcfung der Sachkunde im Umgang mit Schusswaffen sowie Munition nach \u00a77 WaffG. Dar\u00fcber hinaus verf\u00fcgen wir \u00fcber eine <strong>beh\u00f6rdliche Gestattung<\/strong> zur Durchf\u00fchrung von Lehrg\u00e4ngen f\u00fcr die Verteidigung mit Schusswaffen gem\u00e4\u00df \u00a7\u202f22 AWaffV, sowohl f\u00fcr Berufswaffentr\u00e4ger als auch f\u00fcr besonders gef\u00e4hrdete Personen.<\/span><\/span><\/p>\n<p>Zudem sind wir von der Bezirksregierung D\u00fcsseldorf als <strong>Einrichtung der Arbeitnehmerweiterbildung <\/strong>nach \u00a7\u202f10 AWbG anerkannt.<\/p>\n<p>Durch unsere langj\u00e4hrige Erfahrung in der Beratung sowie der Aus- und Fortbildung k\u00f6nnen wir f\u00fcr unsere Kunden individuelle und innovative L\u00f6sungen anbieten. <span style=\"font-size: 14px;\">Insbesondere ber\u00fccksichtigen wir im Rahmen unserer Dienstleistungen Bereiche, die durch das gestiegene Gewaltpotenzial, aber auch durch den Verfall in Alltagsroutine besondere Gefahrenpotenziale bergen. <\/span><\/p>\n<p><span style=\"font-size: 14px;\">Die Nachfrage zielt heute auf speziell qualifiziertes Personal ab, welches durch umfassendes Hintergrundwissen in der Lage ist, die aktuellen Gefahrenlagen und Sicherheitsrisiken bew\u00e4ltigen zu k\u00f6nnen.<\/span><\/p>\n<p>Zu unseren Dienstleistungen geh\u00f6ren die Sicherheitsberatung, die Qualifizierung von Fachkr\u00e4ften der privaten Sicherheitswirtschaft sowie die Fortbildung von Ordnungs- und Sonderordnungsbeh\u00f6rden, die im Rahmen ihrer origin\u00e4ren Zust\u00e4ndigkeit im Schwerpunkt mit Ordnungs- und Vollzugsaufgaben betraut sind und sich aufgrund des gestiegenen Gewaltpotentials zunehmend mit den Themen Eigensicherung und Selbstschutz sowie dem Umgang mit F\u00fchrungs- und Einsatzmitteln (FEM) besch\u00e4ftigen m\u00fcssen.<\/p>\n<p>Dar\u00fcber hinaus k\u00f6nnen wir speziell auf das Bed\u00fcrfnis des Kunden, durch regelm\u00e4\u00dfigen Austausch \u00fcber aktuell auftretende Ph\u00e4nomene und Gefahrenlagen, zugeschnittene Sicherheitslehrg\u00e4nge ausarbeiten.\u00a0<\/p>\n<p><span style=\"font-size: 14px;\">Durch die sorgf\u00e4ltige Auswahl qualifizierter Ausbilder sowie deren st\u00e4ndiger Fortbildung an unseren speziell konzipierten Manualen -im Rahmen unserer hausinternen Trainerzertifizierung- werden wir den hohen Erwartungen unserer Kunden im Rahmen der von uns angebotenen Aus- und Weiterbildungsdienstleistungen gerecht.<\/span><\/p>\n<p><span style=\"font-size: 14px;\">So stellen wir sicher, dass unsere Aus- und Weiterbildungsdienstleistungen nicht nur den aktuellen fachlichen und rechtlichen Anforderungen entsprechen, sondern auch langfristig die Handlungssicherheit, Entscheidungsf\u00e4higkeit und Fachkompetenz der Teilnehmenden st\u00e4rken, sodass sie in realen Einsatzlagen professionell, verantwortungsbewusst und effektiv agieren k\u00f6nnen.<\/span><\/p>\n<p><span style=\"font-size: 14px;\"><\/span><\/p>\n<\/div>\n<div>\n<p>_____________________________________________<\/p>\n<p><strong>Tactical Consulting International GmbH<\/strong><br \/><em>Ihr Partner f\u00fcr Aus- und Weiterbildung \u2013 kompetent, praxisorientiert, zertifiziert.<\/em><\/p>\n<p><strong><\/strong><\/p>\n<p><strong><\/strong><\/p>\n<\/div>\n<p>[\/et_pb_text][\/et_pb_column][et_pb_column type=&#8220;1_4&#8243; _builder_version=&#8220;4.16&#8243; _module_preset=&#8220;default&#8220; global_colors_info=&#8220;{}&#8220;][et_pb_accordion disabled_on=&#8220;on|on|off&#8220; module_class=&#8220;hyperlink-color&#8220; _builder_version=&#8220;4.16&#8243; _module_preset=&#8220;default&#8220; body_line_height=&#8220;1.4em&#8220; locked=&#8220;off&#8220; global_colors_info=&#8220;{}&#8220;][et_pb_accordion_item title=&#8220;Tactical Consulting International GmbH&#8220; open=&#8220;on&#8220; content_tablet=&#8220;<\/p>\n<p><strong>Tactical Consulting International GmbH<\/strong><\/p>\n<p>Graf-Adolf-Stra\u00dfe 18<br \/>40212 D\u00fcsseldorf<\/p>\n<p>Telefon: 0211 \/ 99 546 200<br \/>Telefax: 0211 \/ 99 546 201<\/p>\n<p>E-Mail: info@tac-consulting.com<\/p>\n<p>\u00d6ffnungszeiten: 8:00 &#8211; 17:00 Uhr<\/p>\n<p>Nutzen Sie unser<strong> Kontaktformular<\/strong><\/p>\n<p>Wir beraten Sie gerne.<\/p>\n<p>_____________________________________________<\/p>\n<p><img src=%22https:\/\/tac-consulting.com\/german\/wp-content\/uploads\/2022\/01\/Untitled-2.png%22 width=%22240%22 height=%22403%22 alt=%22%22 class=%22wp-image-546 aligncenter size-full%22 \/><br \/><a href=%22http:\/\/www.tac-consulting.com\/AZAV_DE.pdf%22><\/a><a href=%22http:\/\/www.tac-consulting.com\/ISO_29990_DE.pdf%22><\/a><\/p>\n<p>&#8220; content_phone=&#8220;<\/p>\n<p><strong>Tactical Consulting International GmbH<\/strong><\/p>\n<p>Graf-Adolf-Stra\u00dfe 18<br \/>40212 D\u00fcsseldorf<\/p>\n<p>Telefon: 0211 \/ 99 546 200<br \/>Telefax: 0211 \/ 99 546 201<\/p>\n<p>E-Mail: info@tac-consulting.com<\/p>\n<p>\u00d6ffnungszeiten: 8:00 &#8211; 17:00 Uhr<\/p>\n<p>Nutzen Sie unser<strong> Kontaktformular<\/strong><\/p>\n<p>Wir beraten Sie gerne.<\/p>\n<p>_____________________________________________<\/p>\n<p><img src=%22https:\/\/tac-consulting.com\/german\/wp-content\/uploads\/2022\/01\/Untitled-2.png%22 width=%22240%22 height=%22403%22 alt=%22%22 class=%22wp-image-546 aligncenter size-full%22 \/><br \/><a href=%22http:\/\/www.tac-consulting.com\/AZAV_DE.pdf%22><\/a><a href=%22http:\/\/www.tac-consulting.com\/ISO_29990_DE.pdf%22><\/a><\/p>\n<p>&#8220; content_last_edited=&#8220;on|phone&#8220; _builder_version=&#8220;4.16&#8243; _module_preset=&#8220;default&#8220; body_font_size=&#8220;13px&#8220; body_line_height=&#8220;0em&#8220; background_color=&#8220;#F9F9F9&#8243; background_enable_color=&#8220;on&#8220; width=&#8220;100%&#8220; max_width=&#8220;100%&#8220; link_option_url_new_window=&#8220;on&#8220; border_color_all=&#8220;#adadad&#8220; box_shadow_style=&#8220;preset1&#8243; box_shadow_vertical=&#8220;0px&#8220; box_shadow_blur=&#8220;0px&#8220; box_shadow_color=&#8220;#a5a5a5&#8243; inline_fonts=&#8220;Varela&#8220; global_colors_info=&#8220;{}&#8220; toggle_level=&#8220;h6&#8243; toggle_font=&#8220;Varela|700|||||||&#8220; toggle_text_align=&#8220;left&#8220; toggle_font_size=&#8220;13px&#8220; toggle_line_height=&#8220;1.3em&#8220;]<\/p>\n<h4><span style=\"font-family: Varela; font-weight: normal; font-size: small;\">Graf-Adolf-Stra\u00dfe 18<\/span><br \/><span style=\"font-family: Varela; font-weight: normal; font-size: small;\">40212 D\u00fcsseldorf<\/span><\/h4>\n<h4><span style=\"font-family: Varela; font-weight: normal; font-size: small;\"><strong>\u260f\u00a0 <\/strong>(0211) 99 546 200<\/span><br \/><span style=\"font-family: Varela; font-weight: normal; font-size: small;\"><strong>\u2709 \u00a0<\/strong><span style=\"text-decoration: underline;\"><a href=\"mailto:info@tac-consulting.com\">info@tac-consulting.com<\/a><\/span><\/span><\/h4>\n<h4><span style=\"font-family: Varela; font-weight: normal; font-size: small;\">B\u00fcrozeiten: 8:00 &#8211; 16:30 Uhr<\/span><span style=\"font-family: Varela; font-weight: normal; font-size: small;\"><\/span><span style=\"font-family: Varela; font-weight: normal; font-size: small;\"><\/span><\/h4>\n<p><span style=\"font-family: Varela; font-weight: normal; font-size: small;\"><\/span><\/p>\n<h4 style=\"text-align: left;\"><span style=\"font-family: Varela; font-size: small;\">Nutzen Sie unser:<\/span><br \/><span style=\"text-decoration: underline;\"><a href=\"https:\/\/tac-consulting.com\/de\/kontakt\/\"><span style=\"font-family: Varela; font-weight: normal; font-size: small;\">Kontaktformular<\/span><\/a><\/span><\/h4>\n<h4 style=\"text-align: left;\"><span style=\"font-family: Varela; font-weight: normal; font-size: small;\">Wir beraten Sie gerne.<\/span><\/h4>\n<p>[\/et_pb_accordion_item][\/et_pb_accordion][et_pb_accordion disabled_on=&#8220;on|on|off&#8220; _builder_version=&#8220;4.27.4&#8243; _module_preset=&#8220;default&#8220; toggle_text_align=&#8220;justify&#8220; body_text_align=&#8220;center&#8220; body_line_height=&#8220;1.4em&#8220; max_height=&#8220;1000px&#8220; locked=&#8220;off&#8220; global_colors_info=&#8220;{}&#8220;][et_pb_accordion_item title=&#8220;Wir sind zertifiziert&#8220; open=&#8220;on&#8220; title_last_edited=&#8220;off|desktop&#8220; content_tablet=&#8220;<\/p>\n<p><strong>Tactical Consulting International GmbH<\/strong><\/p>\n<p>Graf-Adolf-Stra\u00dfe 18<br \/>40212 D\u00fcsseldorf<\/p>\n<p>Telefon: 0211 \/ 99 546 200<br \/>Telefax: 0211 \/ 99 546 201<\/p>\n<p>E-Mail: info@tac-consulting.com<\/p>\n<p>\u00d6ffnungszeiten: 8:00 &#8211; 17:00 Uhr<\/p>\n<p>Nutzen Sie unser<strong> Kontaktformular<\/strong><\/p>\n<p>Wir beraten Sie gerne.<\/p>\n<p>_____________________________________________<\/p>\n<p><img src=%22https:\/\/tac-consulting.com\/german\/wp-content\/uploads\/2022\/01\/Untitled-2.png%22 width=%22240%22 height=%22403%22 alt=%22%22 class=%22wp-image-546 aligncenter size-full%22 \/><br \/><a href=%22http:\/\/www.tac-consulting.com\/AZAV_DE.pdf%22><\/a><a href=%22http:\/\/www.tac-consulting.com\/ISO_29990_DE.pdf%22><\/a><\/p>\n<p>&#8220; content_phone=&#8220;<\/p>\n<p><strong>Tactical Consulting International GmbH<\/strong><\/p>\n<p>Graf-Adolf-Stra\u00dfe 18<br \/>40212 D\u00fcsseldorf<\/p>\n<p>Telefon: 0211 \/ 99 546 200<br \/>Telefax: 0211 \/ 99 546 201<\/p>\n<p>E-Mail: info@tac-consulting.com<\/p>\n<p>\u00d6ffnungszeiten: 8:00 &#8211; 17:00 Uhr<\/p>\n<p>Nutzen Sie unser<strong> Kontaktformular<\/strong><\/p>\n<p>Wir beraten Sie gerne.<\/p>\n<p>_____________________________________________<\/p>\n<p><img src=%22https:\/\/tac-consulting.com\/german\/wp-content\/uploads\/2022\/01\/Untitled-2.png%22 width=%22240%22 height=%22403%22 alt=%22%22 class=%22wp-image-546 aligncenter size-full%22 \/><br \/><a href=%22http:\/\/www.tac-consulting.com\/AZAV_DE.pdf%22><\/a><a href=%22http:\/\/www.tac-consulting.com\/ISO_29990_DE.pdf%22><\/a><\/p>\n<p>&#8220; content_last_edited=&#8220;on|phone&#8220; _builder_version=&#8220;4.27.4&#8243; _module_preset=&#8220;default&#8220; background_color=&#8220;#F9F9F9&#8243; background_enable_color=&#8220;on&#8220; width=&#8220;100%&#8220; max_width=&#8220;100%&#8220; link_option_url_new_window=&#8220;on&#8220; border_color_all=&#8220;#adadad&#8220; inline_fonts=&#8220;Varela&#8220; global_colors_info=&#8220;{}&#8220; toggle_level=&#8220;h6&#8243; toggle_font=&#8220;Varela|700|||||||&#8220; toggle_text_align=&#8220;left&#8220; toggle_font_size=&#8220;13px&#8220; closed_toggle_font_size=&#8220;16px&#8220;]<\/p>\n<p><img loading=\"lazy\" decoding=\"async\" src=\"https:\/\/tac-consulting.com\/de\/wp-content\/uploads\/2025\/08\/CEA-Logos.png\" width=\"1142\" height=\"1591\" alt=\"\" class=\"wp-image-4342 alignleft size-full\" srcset=\"https:\/\/tac-consulting.com\/de\/wp-content\/uploads\/2025\/08\/CEA-Logos.png 1142w, https:\/\/tac-consulting.com\/de\/wp-content\/uploads\/2025\/08\/CEA-Logos-980x1365.png 980w, https:\/\/tac-consulting.com\/de\/wp-content\/uploads\/2025\/08\/CEA-Logos-480x669.png 480w\" sizes=\"(min-width: 0px) and (max-width: 480px) 480px, (min-width: 481px) and (max-width: 980px) 980px, (min-width: 981px) 1142px, 100vw\" \/><\/p>\n<p>[\/et_pb_accordion_item][\/et_pb_accordion][\/et_pb_column][\/et_pb_row][\/et_pb_section][et_pb_section fb_built=&#8220;1&#8243; disabled_on=&#8220;off|off|on&#8220; admin_label=&#8220;Hero Section&#8220; _builder_version=&#8220;4.16&#8243; background_color=&#8220;#fcfcfc&#8220; background_color_gradient_start=&#8220;#494949&#8243; background_color_gradient_end=&#8220;rgba(224,224,224,0.15)&#8220; background_image=&#8220;https:\/\/tac-consulting.com\/de\/wp-content\/uploads\/2022\/01\/shutterstock_452671897-scaled.jpg&#8220; min_height=&#8220;267px&#8220; height=&#8220;516px&#8220; max_height=&#8220;0px&#8220; custom_margin=&#8220;||51px|||&#8220; custom_padding=&#8220;2.1%||1.3%|||&#8220; locked=&#8220;off&#8220; global_colors_info=&#8220;{}&#8220;][\/et_pb_section][et_pb_section fb_built=&#8220;1&#8243; disabled_on=&#8220;off|off|on&#8220; _builder_version=&#8220;4.16&#8243; _module_preset=&#8220;default&#8220; background_color=&#8220;#fcfcfc&#8220; custom_margin=&#8220;-53px|||||&#8220; custom_padding=&#8220;|12px||||&#8220; locked=&#8220;off&#8220; global_colors_info=&#8220;{}&#8220;][et_pb_row _builder_version=&#8220;4.16&#8243; _module_preset=&#8220;default&#8220; global_colors_info=&#8220;{}&#8220;][et_pb_column type=&#8220;4_4&#8243; _builder_version=&#8220;4.16&#8243; _module_preset=&#8220;default&#8220; global_colors_info=&#8220;{}&#8220;][et_pb_text module_class=&#8220;hyperlink-color&#8220; _builder_version=&#8220;4.16&#8243; _module_preset=&#8220;default&#8220; background_color=&#8220;#fcfcfc&#8220; width=&#8220;100%&#8220; custom_padding=&#8220;|0px||0px||&#8220; global_colors_info=&#8220;{}&#8220;]<\/p>\n<p><em><span style=\"font-size: x-large; color: #808080;\">Qualit\u00e4t durch Innovation.<\/span><\/em><\/p>\n<p><span style=\"font-size: x-large;\"><strong><\/strong><\/span><\/p>\n<p><em><span style=\"color: #808080; font-size: small;\">F\u00fcr unsere Kunden bieten wir innovative Dienstleistungen mit h\u00f6chster Qualit\u00e4t und gr\u00f6\u00dftm\u00f6glichem Wert an. Die Einhaltung unserer Qualit\u00e4tsstandards und unsere fachm\u00e4nnische Beratung garantieren beste Ergebnisse. Dabei verfolgen wir unseren Grundsatz: \u201eQuality by Innovation\u201c.<\/span><\/em><\/p>\n<p>________________<\/p>\n<p><span style=\"color: #808080; font-size: small;\">Als spezialisiertes Beratungs-, Aus- und Weiterbildungsunternehmen mit Sitz im Central Business District der nordrhein-westf\u00e4lischen Landeshauptstadt D\u00fcsseldorf \u2013 nur wenige Meter von der K\u00f6nigsallee entfernt \u2013 bieten wir unsere Dienstleistungen bundesweit sowie im europ\u00e4ischen Ausland an.<\/span><\/p>\n<p><span style=\"color: #808080; font-size: small;\">Wir sind ein<strong> zertifizierter Bildungstr\u00e4ger nach DIN ISO 21001<\/strong> (Lerndienstleistungen f\u00fcr die Aus- und Weiterbildung) sowie gem\u00e4\u00df <strong>AZAV<\/strong> (Akkreditierungs- und Zulassungsverordnung Arbeitsf\u00f6rderung) und verf\u00fcgen \u00fcber das <strong>CEA-Qualit\u00e4tssiegel<\/strong>, das unsere hohe Kundenzufriedenheit dokumentiert.<\/span><\/p>\n<p><span style=\"color: #808080; font-size: small;\">Durch das Polizeipr\u00e4sidium D\u00fcsseldorf sind wir ein <span style=\"color: #000000;\"><strong>staatlich anerkannter Ausbildungs- und Pr\u00fcfungstr\u00e4ger<\/strong> <\/span>zur Durchf\u00fchrung von bundesweiten Lehrg\u00e4ngen zur Vermittlung und Pr\u00fcfung der Sachkunde im Umgang mit Schusswaffen sowie Munition nach \u00a77 WaffG. Dar\u00fcber hinaus verf\u00fcgen wir \u00fcber eine <strong>beh\u00f6rdliche Gestattung<\/strong> <strong>zur Durchf\u00fchrung von Lehrg\u00e4ngen f\u00fcr die Verteidigung mit Schusswaffen gem\u00e4\u00df \u00a7\u202f22 AWaffV<\/strong>, sowohl f\u00fcr Berufswaffentr\u00e4ger als auch f\u00fcr besonders gef\u00e4hrdete Personen.<\/span><\/p>\n<p><span style=\"color: #808080; font-size: small;\">Zudem sind wir von der Bezirksregierung D\u00fcsseldorf als<strong> Einrichtung der Arbeitnehmerweiterbildung nach \u00a7\u202f10 AWbG<\/strong> anerkannt.<\/span><\/p>\n<p><span style=\"color: #808080; font-size: small;\">Durch unsere langj\u00e4hrige Erfahrung in der Beratung sowie der Aus- und Fortbildung k\u00f6nnen wir f\u00fcr unsere Kunden individuelle und innovative L\u00f6sungen anbieten. Insbesondere ber\u00fccksichtigen wir im Rahmen unserer Dienstleistungen Bereiche, die durch das gestiegene Gewaltpotenzial, aber auch durch den Verfall in Alltagsroutine besondere Gefahrenpotentiale bergen.\u00a0<\/span><\/p>\n<p><span style=\"color: #808080; font-size: small;\">Zu unseren Dienstleistungen geh\u00f6ren die Sicherheitsberatung, die Qualifizierung von Fachkr\u00e4ften der privaten Sicherheitswirtschaft sowie die Fortbildung von Ordnungs- und Sonderordnungsbeh\u00f6rden, die im Rahmen ihrer origin\u00e4ren Zust\u00e4ndigkeit im Schwerpunkt mit Ordnungs- und Vollzugsaufgaben betraut sind und sich aufgrund des gestiegenen Gewaltpotentials zunehmend mit den Themen Eigensicherung und Selbstschutz sowie dem Umgang mit F\u00fchrungs- und Einsatzmitteln (FEM) besch\u00e4ftigen m\u00fcssen.<\/span><\/p>\n<p><span style=\"color: #808080; font-size: small;\">Dar\u00fcber hinaus k\u00f6nnen wir speziell auf das Bed\u00fcrfnis des Kunden, durch regelm\u00e4\u00dfigen Austausch \u00fcber aktuell auftretende Ph\u00e4nomene und Gefahrenlagen, zugeschnittene Sicherheitslehrg\u00e4nge ausarbeiten.<\/span><\/p>\n<p><span style=\"color: #808080; font-size: small;\">Durch die sorgf\u00e4ltige Auswahl qualifizierter Ausbilder sowie deren st\u00e4ndiger Fortbildung an unseren speziell konzipierten Manualen -im Rahmen unserer hausinternen Trainerzertifizierung- werden wir den hohen Erwartungen unserer Kunden im Rahmen der von uns angebotenen Aus- und Weiterbildungsdienstleistungen gerecht.<\/span><\/p>\n<p><span style=\"color: #808080; font-size: small;\">Wir beraten Sie gerne und stehen Ihnen f\u00fcr jegliche Fragen zur Verf\u00fcgung.<\/span><\/p>\n<p><span style=\"color: #808080; font-size: small;\"><\/span><\/p>\n<p>[\/et_pb_text][\/et_pb_column][\/et_pb_row][\/et_pb_section][et_pb_section fb_built=&#8220;1&#8243; disabled_on=&#8220;off|off|on&#8220; _builder_version=&#8220;4.16&#8243; _module_preset=&#8220;default&#8220; background_color=&#8220;#f2f2f2&#8243; custom_padding=&#8220;0px|16px||||&#8220; locked=&#8220;off&#8220; global_colors_info=&#8220;{}&#8220;][et_pb_row _builder_version=&#8220;4.16&#8243; _module_preset=&#8220;default&#8220; global_colors_info=&#8220;{}&#8220;][et_pb_column type=&#8220;4_4&#8243; _builder_version=&#8220;4.16&#8243; _module_preset=&#8220;default&#8220; global_colors_info=&#8220;{}&#8220;][et_pb_text module_class=&#8220;hyperlink-color&#8220; _builder_version=&#8220;4.16&#8243; _module_preset=&#8220;default&#8220; custom_margin=&#8220;|||-7px||&#8220; custom_padding=&#8220;|||10px||&#8220; global_colors_info=&#8220;{}&#8220;]<\/p>\n<p><span style=\"color: #808080;\"><\/span><\/p>\n<p><span style=\"color: #0a0a0a;\"><strong><span style=\"font-size: small;\"><\/span><\/strong><\/span><\/p>\n<p><span style=\"color: #0a0a0a;\"><strong><span style=\"font-size: small;\"><\/span><\/strong><\/span><\/p>\n<p><span style=\"color: #0a0a0a;\"><strong><span style=\"font-size: small;\">Tactical Consulting International GmbH<\/span><\/strong><\/span><\/p>\n<p><span style=\"color: #808080; font-size: small;\">Graf-Adolf-Stra\u00dfe 18<\/span><br \/><span style=\"color: #808080; font-size: small;\">40212 D\u00fcsseldorf<\/span><\/p>\n<p><span style=\"color: #808080; font-size: small;\">Tel:\u00a0 (0211) 99 546 200<\/span><br \/><span style=\"color: #808080; font-size: small;\">Fax: (0211) 99 546 201<\/span><\/p>\n<p><span style=\"color: #808080; font-size: small;\">E-Mail: <a href=\"mailto:info@tac-consulting.com\"><span style=\"text-decoration: underline;\">info@tac-consulting.com<\/span><\/a><\/span><\/p>\n<p><span style=\"color: #808080; font-size: small;\"><\/span><\/p>\n<p><span style=\"color: #808080;\"><\/span><\/p>\n<p>[\/et_pb_text][\/et_pb_column][\/et_pb_row][\/et_pb_section]<\/p>\n","protected":false},"excerpt":{"rendered":"<p>Tactical Consulting International GmbH<\/p>\n","protected":false},"author":1,"featured_media":3237,"parent":0,"menu_order":0,"comment_status":"closed","ping_status":"closed","template":"","meta":{"_et_pb_use_builder":"on","_et_pb_old_content":"","_et_gb_content_width":"","footnotes":""},"class_list":["post-161","page","type-page","status-publish","has-post-thumbnail","hentry"],"_links":{"self":[{"href":"https:\/\/tac-consulting.com\/de\/wp-json\/wp\/v2\/pages\/161","targetHints":{"allow":["GET"]}}],"collection":[{"href":"https:\/\/tac-consulting.com\/de\/wp-json\/wp\/v2\/pages"}],"about":[{"href":"https:\/\/tac-consulting.com\/de\/wp-json\/wp\/v2\/types\/page"}],"author":[{"embeddable":true,"href":"https:\/\/tac-consulting.com\/de\/wp-json\/wp\/v2\/users\/1"}],"replies":[{"embeddable":true,"href":"https:\/\/tac-consulting.com\/de\/wp-json\/wp\/v2\/comments?post=161"}],"version-history":[{"count":220,"href":"https:\/\/tac-consulting.com\/de\/wp-json\/wp\/v2\/pages\/161\/revisions"}],"predecessor-version":[{"id":4589,"href":"https:\/\/tac-consulting.com\/de\/wp-json\/wp\/v2\/pages\/161\/revisions\/4589"}],"wp:featuredmedia":[{"embeddable":true,"href":"https:\/\/tac-consulting.com\/de\/wp-json\/wp\/v2\/media\/3237"}],"wp:attachment":[{"href":"https:\/\/tac-consulting.com\/de\/wp-json\/wp\/v2\/media?parent=161"}],"curies":[{"name":"wp","href":"https:\/\/api.w.org\/{rel}","templated":true}]}}